{"id":136,"date":"2026-04-02T06:19:29","date_gmt":"2026-04-02T06:19:29","guid":{"rendered":"https:\/\/h-piotrowski.blu24.pl\/?page_id=136"},"modified":"2026-04-02T07:08:18","modified_gmt":"2026-04-02T07:08:18","slug":"o-nas","status":"publish","type":"page","link":"https:\/\/h-piotrowski.blu24.pl\/index.php\/o-nas\/","title":{"rendered":"O nas"},"content":{"rendered":"\t\t<div data-elementor-type=\"wp-page\" data-elementor-id=\"136\" class=\"elementor elementor-136\">\n\t\t\t\t<div class=\"elementor-element elementor-element-477a06a e-flex e-con-boxed e-con e-parent\" data-id=\"477a06a\" data-element_type=\"container\" data-e-type=\"container\" data-settings=\"{&quot;background_background&quot;:&quot;classic&quot;}\">\n\t\t\t\t\t<div class=\"e-con-inner\">\n\t\t\t\t<div class=\"elementor-element elementor-element-24e3ac6 elementor-widget elementor-widget-heading\" data-id=\"24e3ac6\" data-element_type=\"widget\" data-e-type=\"widget\" data-widget_type=\"heading.default\">\n\t\t\t\t\t<h2 class=\"elementor-heading-title elementor-size-default\">O kancelarii<\/h2>\t\t\t\t<\/div>\n\t\t\t\t\t<\/div>\n\t\t\t\t<\/div>\n\t\t<div class=\"elementor-element elementor-element-625f444 e-flex e-con-boxed e-con e-parent\" data-id=\"625f444\" data-element_type=\"container\" data-e-type=\"container\">\n\t\t\t\t\t<div class=\"e-con-inner\">\n\t\t<div class=\"elementor-element elementor-element-8c181d3 e-con-full e-flex e-con e-child\" data-id=\"8c181d3\" data-element_type=\"container\" data-e-type=\"container\">\n\t\t\t\t<div class=\"elementor-element elementor-element-e1c0fa2 elementor-widget elementor-widget-image\" data-id=\"e1c0fa2\" data-element_type=\"widget\" data-e-type=\"widget\" data-widget_type=\"image.default\">\n\t\t\t\t\t\t\t\t\t\t\t\t\t\t\t<img alt=\"\" fetchpriority=\"high\" decoding=\"async\" width=\"1024\" height=\"684\" src=\"https:\/\/h-piotrowski.blu24.pl\/wp-content\/uploads\/2026\/04\/pexels-pavel-danilyuk-8112114-1024x684.jpg\" class=\"attachment-large size-large wp-image-152\" alt=\"\" srcset=\"https:\/\/h-piotrowski.blu24.pl\/wp-content\/uploads\/2026\/04\/pexels-pavel-danilyuk-8112114-1024x684.jpg 1024w, https:\/\/h-piotrowski.blu24.pl\/wp-content\/uploads\/2026\/04\/pexels-pavel-danilyuk-8112114-300x200.jpg 300w, https:\/\/h-piotrowski.blu24.pl\/wp-content\/uploads\/2026\/04\/pexels-pavel-danilyuk-8112114-768x513.jpg 768w, https:\/\/h-piotrowski.blu24.pl\/wp-content\/uploads\/2026\/04\/pexels-pavel-danilyuk-8112114-1536x1025.jpg 1536w, https:\/\/h-piotrowski.blu24.pl\/wp-content\/uploads\/2026\/04\/pexels-pavel-danilyuk-8112114-2048x1367.jpg 2048w\" sizes=\"(max-width: 1024px) 100vw, 1024px\" \/>\t\t\t\t\t\t\t\t\t\t\t\t\t\t\t<\/div>\n\t\t\t\t<\/div>\n\t\t<div class=\"elementor-element elementor-element-3d47f9a e-con-full e-flex e-con e-child\" data-id=\"3d47f9a\" data-element_type=\"container\" data-e-type=\"container\">\n\t\t\t\t<div class=\"elementor-element elementor-element-1145ddd elementor-widget elementor-widget-heading\" data-id=\"1145ddd\" data-element_type=\"widget\" data-e-type=\"widget\" data-widget_type=\"heading.default\">\n\t\t\t\t\t<h2 class=\"elementor-heading-title elementor-size-default\">Tradycja, Wiedza i Bezpiecze\u0144stwo Twoich Interes\u00f3w<\/h2>\t\t\t\t<\/div>\n\t\t\t\t<div class=\"elementor-element elementor-element-7727860 elementor-widget elementor-widget-text-editor\" data-id=\"7727860\" data-element_type=\"widget\" data-e-type=\"widget\" data-widget_type=\"text-editor.default\">\n\t\t\t\t\t\t\t\t\t<p data-path-to-node=\"5,0\">Kancelaria Notarialna Piotrowski w Bydgoszczy to miejsce, gdzie profesjonalizm \u0142\u0105czy si\u0119 z indywidualnym podej\u015bciem do ka\u017cdej sprawy. Jako funkcjonariusz publiczny, dbam o to, aby ka\u017cda czynno\u015b\u0107 notarialna by\u0142a przeprowadzona zgodnie z obowi\u0105zuj\u0105cym prawem oraz z najwy\u017csz\u0105 staranno\u015bci\u0105.<\/p><p data-path-to-node=\"5,1\">Siedziba naszej kancelarii mie\u015bci si\u0119 przy ul. Kijowskiej 44, w samym sercu Bydgoszczy, co zapewnia dogodny dojazd dla wszystkich klient\u00f3w. Specjalizujemy si\u0119 w kompleksowej obs\u0142udze obrotu nieruchomo\u015bciami, sprawach spadkowych oraz obs\u0142udze sp\u00f3\u0142ek prawa handlowego.<\/p>\t\t\t\t\t\t\t\t<\/div>\n\t\t\t\t<\/div>\n\t\t\t\t\t<\/div>\n\t\t\t\t<\/div>\n\t\t<div class=\"elementor-element elementor-element-de451ae e-flex e-con-boxed e-con e-parent\" data-id=\"de451ae\" data-element_type=\"container\" data-e-type=\"container\">\n\t\t\t\t\t<div class=\"e-con-inner\">\n\t\t\t\t\t\n<hr class=\"e-d0adc04-a5d678c e-divider-base\" data-interaction-id=\"d0adc04\"   \/>\n\t\t\t\t\t<\/div>\n\t\t\t\t<\/div>\n\t\t<div class=\"elementor-element elementor-element-4beecef e-flex e-con-boxed e-con e-parent\" data-id=\"4beecef\" data-element_type=\"container\" data-e-type=\"container\">\n\t\t\t\t\t<div class=\"e-con-inner\">\n\t\t<div class=\"elementor-element elementor-element-7695093 e-con-full e-flex e-con e-child\" data-id=\"7695093\" data-element_type=\"container\" data-e-type=\"container\">\n\t\t\t\t<div class=\"elementor-element elementor-element-1096dc3 elementor-widget elementor-widget-heading\" data-id=\"1096dc3\" data-element_type=\"widget\" data-e-type=\"widget\" data-widget_type=\"heading.default\">\n\t\t\t\t\t<h2 class=\"elementor-heading-title elementor-size-default\">Wykszta\u0142cenie<\/h2>\t\t\t\t<\/div>\n\t\t\t\t<div class=\"elementor-element elementor-element-644f700 elementor-widget elementor-widget-text-editor\" data-id=\"644f700\" data-element_type=\"widget\" data-e-type=\"widget\" data-widget_type=\"text-editor.default\">\n\t\t\t\t\t\t\t\t\t<p data-path-to-node=\"5,0\"><b data-path-to-node=\"5,0\" data-index-in-node=\"0\">Uniwersytet Miko\u0142aja Kopernika w Toruniu<\/b> <i data-path-to-node=\"5,0\" data-index-in-node=\"41\">Wydzia\u0142 Prawa i Administracji<\/i> Absolwent studi\u00f3w stacjonarnych na kierunku Prawo. Specjalizacja w zakresie prawa cywilnego i handlowego.<\/p><p data-path-to-node=\"5,1\"><b data-path-to-node=\"5,1\" data-index-in-node=\"0\">Aplikacja Notarialna<\/b> <i data-path-to-node=\"5,1\" data-index-in-node=\"21\">Izba Notarialna w Gda\u0144sku \/ Bydgoszczy<\/i> Odbycie pe\u0142nej aplikacji notarialnej zako\u0144czonej egzaminem pa\u0144stwowym przed Komisj\u0105 Egzaminacyjn\u0105 powo\u0142an\u0105 przez Ministra Sprawiedliwo\u015bci<\/p>\t\t\t\t\t\t\t\t<\/div>\n\t\t\t\t<\/div>\n\t\t<div class=\"elementor-element elementor-element-18d7124 e-con-full e-flex e-con e-child\" data-id=\"18d7124\" data-element_type=\"container\" data-e-type=\"container\">\n\t\t\t\t<div class=\"elementor-element elementor-element-f5aea88 elementor-widget elementor-widget-heading\" data-id=\"f5aea88\" data-element_type=\"widget\" data-e-type=\"widget\" data-widget_type=\"heading.default\">\n\t\t\t\t\t<h2 class=\"elementor-heading-title elementor-size-default\">Do\u015bwiadczenie zawodowe<\/h2>\t\t\t\t<\/div>\n\t\t\t\t<div class=\"elementor-element elementor-element-5119cc4 elementor-widget elementor-widget-text-editor\" data-id=\"5119cc4\" data-element_type=\"widget\" data-e-type=\"widget\" data-widget_type=\"text-editor.default\">\n\t\t\t\t\t\t\t\t\t<p data-path-to-node=\"8,0\"><b data-path-to-node=\"8,0\" data-index-in-node=\"0\">W\u0142asna Kancelaria Notarialna w Bydgoszczy<\/b> <i data-path-to-node=\"8,0\" data-index-in-node=\"42\">Notariusz (od 2020 r.)<\/i> Kompleksowa obs\u0142uga klient\u00f3w indywidualnych oraz podmiot\u00f3w gospodarczych w zakresie pe\u0142nego spektrum czynno\u015bci notarialnych.<\/p><p data-path-to-node=\"8,1\"><b data-path-to-node=\"8,1\" data-index-in-node=\"0\">Praktyka Asesorska<\/b> <i data-path-to-node=\"8,1\" data-index-in-node=\"19\">Asesor Notarialny (2017 \u2013 2020)<\/i> Samodzielne dokonywanie czynno\u015bci notarialnych pod nadzorem patrona, zdobywanie do\u015bwiadczenia w trudnych sprawach spadkowych i skomplikowanych umowach deweloperskich.<\/p>\t\t\t\t\t\t\t\t<\/div>\n\t\t\t\t<\/div>\n\t\t\t\t\t<\/div>\n\t\t\t\t<\/div>\n\t\t\t\t<\/div>\n\t\t","protected":false},"excerpt":{"rendered":"<p>O kancelarii Tradycja, Wiedza i Bezpiecze\u0144stwo Twoich Interes\u00f3w Kancelaria Notarialna Piotrowski w Bydgoszczy to miejsce, gdzie profesjonalizm \u0142\u0105czy si\u0119 z [&hellip;]<\/p>\n","protected":false},"author":1,"featured_media":0,"parent":0,"menu_order":0,"comment_status":"closed","ping_status":"closed","template":"","meta":{"_seopress_robots_primary_cat":"","_seopress_titles_title":"","_seopress_titles_desc":"","_seopress_robots_index":"","site-sidebar-layout":"no-sidebar","site-content-layout":"","ast-site-content-layout":"full-width-container","site-content-style":"default","site-sidebar-style":"default","ast-global-header-display":"","ast-banner-title-visibility":"","ast-main-header-display":"","ast-hfb-above-header-display":"","ast-hfb-below-header-display":"","ast-hfb-mobile-header-display":"","site-post-title":"disabled","ast-breadcrumbs-content":"","ast-featured-img":"disabled","footer-sml-layout":"","ast-disable-related-posts":"","theme-transparent-header-meta":"","adv-header-id-meta":"","stick-header-meta":"","header-above-stick-meta":"","header-main-stick-meta":"","header-below-stick-meta":"","astra-migrate-meta-layouts":"default","ast-page-background-enabled":"default","ast-page-background-meta":{"desktop":{"background-color":"var(--ast-global-color-5)","background-image":"","background-repeat":"repeat","background-position":"center center","background-size":"auto","background-attachment":"scroll","background-type":"","background-media":"","overlay-type":"","overlay-color":"","overlay-opacity":"","overlay-gradient":""},"tablet":{"background-color":"","background-image":"","background-repeat":"repeat","background-position":"center center","background-size":"auto","background-attachment":"scroll","background-type":"","background-media":"","overlay-type":"","overlay-color":"","overlay-opacity":"","overlay-gradient":""},"mobile":{"background-color":"","background-image":"","background-repeat":"repeat","background-position":"center center","background-size":"auto","background-attachment":"scroll","background-type":"","background-media":"","overlay-type":"","overlay-color":"","overlay-opacity":"","overlay-gradient":""}},"ast-content-background-meta":{"desktop":{"background-color":"var(--ast-global-color-4)","background-image":"","background-repeat":"repeat","background-position":"center center","background-size":"auto","background-attachment":"scroll","background-type":"","background-media":"","overlay-type":"","overlay-color":"","overlay-opacity":"","overlay-gradient":""},"tablet":{"background-color":"var(--ast-global-color-4)","background-image":"","background-repeat":"repeat","background-position":"center center","background-size":"auto","background-attachment":"scroll","background-type":"","background-media":"","overlay-type":"","overlay-color":"","overlay-opacity":"","overlay-gradient":""},"mobile":{"background-color":"var(--ast-global-color-4)","background-image":"","background-repeat":"repeat","background-position":"center center","background-size":"auto","background-attachment":"scroll","background-type":"","background-media":"","overlay-type":"","overlay-color":"","overlay-opacity":"","overlay-gradient":""}},"footnotes":""},"class_list":["post-136","page","type-page","status-publish","hentry"],"_links":{"self":[{"href":"https:\/\/h-piotrowski.blu24.pl\/index.php\/wp-json\/wp\/v2\/pages\/136","targetHints":{"allow":["GET"]}}],"collection":[{"href":"https:\/\/h-piotrowski.blu24.pl\/index.php\/wp-json\/wp\/v2\/pages"}],"about":[{"href":"https:\/\/h-piotrowski.blu24.pl\/index.php\/wp-json\/wp\/v2\/types\/page"}],"author":[{"embeddable":true,"href":"https:\/\/h-piotrowski.blu24.pl\/index.php\/wp-json\/wp\/v2\/users\/1"}],"replies":[{"embeddable":true,"href":"https:\/\/h-piotrowski.blu24.pl\/index.php\/wp-json\/wp\/v2\/comments?post=136"}],"version-history":[{"count":17,"href":"https:\/\/h-piotrowski.blu24.pl\/index.php\/wp-json\/wp\/v2\/pages\/136\/revisions"}],"predecessor-version":[{"id":165,"href":"https:\/\/h-piotrowski.blu24.pl\/index.php\/wp-json\/wp\/v2\/pages\/136\/revisions\/165"}],"wp:attachment":[{"href":"https:\/\/h-piotrowski.blu24.pl\/index.php\/wp-json\/wp\/v2\/media?parent=136"}],"curies":[{"name":"wp","href":"https:\/\/api.w.org\/{rel}","templated":true}]}}